{"id":516,"date":"2022-07-29T15:20:41","date_gmt":"2022-07-29T15:20:41","guid":{"rendered":"https:\/\/startertemplatecloud.com\/g58\/?page_id=516"},"modified":"2025-06-15T22:14:51","modified_gmt":"2025-06-15T20:14:51","slug":"home","status":"publish","type":"page","link":"https:\/\/mesplansdemaison.com\/","title":{"rendered":"Home"},"content":{"rendered":"<style>\/*! elementor - v3.10.1 - 17-01-2023 *\/<br \/>\n.elementor-heading-title{padding:0;margin:0;line-height:1}.elementor-widget-heading .elementor-heading-title[class*=elementor-size-]>a{color:inherit;font-size:inherit;line-height:inherit}.elementor-widget-heading .elementor-heading-title.elementor-size-small{font-size:15px}.elementor-widget-heading .elementor-heading-title.elementor-size-medium{font-size:19px}.elementor-widget-heading .elementor-heading-title.elementor-size-large{font-size:29px}.elementor-widget-heading .elementor-heading-title.elementor-size-xl{font-size:39px}.elementor-widget-heading .elementor-heading-title.elementor-size-xxl{font-size:59px}<\/style>\n<h1>Vous avez un projet de construction, d&rsquo;agrandissement<br \/>\nou de r\u00e9novation ?<\/h1>\n<style>\/*! elementor - v3.10.1 - 17-01-2023 *\/<br \/>\n.elementor-widget-image{text-align:center}.elementor-widget-image a{display:inline-block}.elementor-widget-image a img[src$=\".svg\"]{width:48px}.elementor-widget-image img{vertical-align:middle;display:inline-block}<\/style>\n<p><img fetchpriority=\"high\" src=\"https:\/\/mesplansdemaison.com\/wp-content\/uploads\/2023\/01\/femme-avec-idee-e1674639983860.png\" sizes=\"(max-width: 322px) 100vw, 322px\" srcset=\"https:\/\/mesplansdemaison.com\/wp-content\/uploads\/2023\/01\/femme-avec-idee-e1674639983860.png 322w, https:\/\/mesplansdemaison.com\/wp-content\/uploads\/2023\/01\/femme-avec-idee-e1674639983860-272x300.png 272w\" alt=\"\" width=\"322\" height=\"355\" \/><br \/>\n<a role=\"button\" href=\"#\"><br \/>\nJ&rsquo;appelle Mika\u00ebl au 06 28 43 14 45<br \/>\n<\/a><\/p>\n<h1>Nous dessinons votre projet sur mesure<\/h1>\n<p>Fort d&rsquo;une grande exp\u00e9rience en conception et r\u00e9alisation de construction , nous vous accompagnons pour la r\u00e9ussite de votre projet d&rsquo;habitat .<\/p>\n<p>NOUS VOUS PROPOSONS DES LE DEPART UN DOSSIER COMPLET POUR REALISER VOTRE PROJET .<\/p>\n<p>C&rsquo;est \u00e0 dire la demande de permis de construire pr\u00eate pour la mairie mais aussi un plan d&rsquo;ex\u00e9cution tr\u00e8s pr\u00e9cis pour vous permettre une r\u00e9alisation en tout s\u00e9renit\u00e9.<\/p>\n<p><img src=\"https:\/\/mesplansdemaison.com\/wp-content\/uploads\/2023\/01\/depositphotos_126713320-stock-photo-architecture-project-in-progress-300x207.webp\" sizes=\"(max-width: 300px) 100vw, 300px\" srcset=\"https:\/\/mesplansdemaison.com\/wp-content\/uploads\/2023\/01\/depositphotos_126713320-stock-photo-architecture-project-in-progress-300x207.webp 300w, https:\/\/mesplansdemaison.com\/wp-content\/uploads\/2023\/01\/depositphotos_126713320-stock-photo-architecture-project-in-progress.webp 600w\" alt=\"\" width=\"300\" height=\"207\" \/><\/p>\n<h4>NOS PRESTATIONS<\/h4>\n<ul>\n<li>Avant projet en 3d<\/li>\n<li>Personnalisation de votre projet : les projets sont rectifiable jusqu&rsquo;\u00e0 satisfaction<\/li>\n<li>Dossier de consultation des entreprise ( plan avec d\u00e9tail , descriptif technique)<\/li>\n<li>R\u00e9alisation de devis quantitatif<\/li>\n<li>Demande de permis de construire ou d\u00e9claration de travaux<\/li>\n<li>Dossier d&rsquo;\u00e9x\u00e9cution<\/li>\n<li>Imagerie 3d<\/li>\n<li>Analyse de votre appel d&rsquo;offre<\/li>\n<\/ul>\n<p><img src=\"https:\/\/mesplansdemaison.com\/wp-content\/uploads\/2023\/01\/avec-cotes-copie-OK-1024x604.jpg\" sizes=\"(max-width: 1024px) 100vw, 1024px\" srcset=\"https:\/\/mesplansdemaison.com\/wp-content\/uploads\/2023\/01\/avec-cotes-copie-OK-1024x604.jpg 1024w, https:\/\/mesplansdemaison.com\/wp-content\/uploads\/2023\/01\/avec-cotes-copie-OK-300x177.jpg 300w, https:\/\/mesplansdemaison.com\/wp-content\/uploads\/2023\/01\/avec-cotes-copie-OK-768x453.jpg 768w, https:\/\/mesplansdemaison.com\/wp-content\/uploads\/2023\/01\/avec-cotes-copie-OK-1536x906.jpg 1536w, https:\/\/mesplansdemaison.com\/wp-content\/uploads\/2023\/01\/avec-cotes-copie-OK-2048x1208.jpg 2048w\" alt=\"\" width=\"1024\" height=\"604\" \/><\/p>\n","protected":false},"excerpt":{"rendered":"<p>Vous avez un projet de construction, d&rsquo;agrandissement ou de r\u00e9novation ? J&rsquo;appelle Mika\u00ebl au 06 28 43 14 45 Nous dessinons votre projet sur mesure Fort d&rsquo;une grande exp\u00e9rience en conception et r\u00e9alisation de construction , nous vous accompagnons pour la r\u00e9ussite de votre projet d&rsquo;habitat . NOUS VOUS PROPOSONS DES LE DEPART UN DOSSIER&#8230;<\/p>\n","protected":false},"author":1,"featured_media":0,"parent":0,"menu_order":0,"comment_status":"closed","ping_status":"closed","template":"","meta":{"_kad_post_transparent":"disable","_kad_post_title":"hide","_kad_post_layout":"normal","_kad_post_sidebar_id":"","_kad_post_content_style":"unboxed","_kad_post_vertical_padding":"hide","_kad_post_feature":"hide","_kad_post_feature_position":"","_kad_post_header":false,"_kad_post_footer":false},"_links":{"self":[{"href":"https:\/\/mesplansdemaison.com\/index.php\/wp-json\/wp\/v2\/pages\/516"}],"collection":[{"href":"https:\/\/mesplansdemaison.com\/index.php\/wp-json\/wp\/v2\/pages"}],"about":[{"href":"https:\/\/mesplansdemaison.com\/index.php\/wp-json\/wp\/v2\/types\/page"}],"author":[{"embeddable":true,"href":"https:\/\/mesplansdemaison.com\/index.php\/wp-json\/wp\/v2\/users\/1"}],"replies":[{"embeddable":true,"href":"https:\/\/mesplansdemaison.com\/index.php\/wp-json\/wp\/v2\/comments?post=516"}],"version-history":[{"count":186,"href":"https:\/\/mesplansdemaison.com\/index.php\/wp-json\/wp\/v2\/pages\/516\/revisions"}],"predecessor-version":[{"id":1294,"href":"https:\/\/mesplansdemaison.com\/index.php\/wp-json\/wp\/v2\/pages\/516\/revisions\/1294"}],"wp:attachment":[{"href":"https:\/\/mesplansdemaison.com\/index.php\/wp-json\/wp\/v2\/media?parent=516"}],"curies":[{"name":"wp","href":"https:\/\/api.w.org\/{rel}","templated":true}]}}