{"id":525,"date":"2022-08-01T15:28:57","date_gmt":"2022-08-01T15:28:57","guid":{"rendered":"https:\/\/startertemplatecloud.com\/g58\/?page_id=525"},"modified":"2022-11-14T15:06:52","modified_gmt":"2022-11-14T14:06:52","slug":"contact","status":"publish","type":"page","link":"https:\/\/mesplansdemaison.com\/index.php\/contact\/","title":{"rendered":"Contact"},"content":{"rendered":"\t\t<div data-elementor-type=\"wp-page\" data-elementor-id=\"525\" class=\"elementor elementor-525\">\n\t\t\t\t\t\t<section class=\"elementor-section elementor-top-section elementor-element elementor-element-78887445 elementor-section-boxed elementor-section-height-default elementor-section-height-default\" data-id=\"78887445\" data-element_type=\"section\" data-settings=\"{&quot;background_background&quot;:&quot;classic&quot;}\">\n\t\t\t\t\t\t\t<div class=\"elementor-background-overlay\"><\/div>\n\t\t\t\t\t\t\t<div class=\"elementor-container elementor-column-gap-default\">\n\t\t\t\t\t<div class=\"elementor-column elementor-col-100 elementor-top-column elementor-element elementor-element-791d15cf\" data-id=\"791d15cf\" data-element_type=\"column\">\n\t\t\t<div class=\"elementor-widget-wrap\">\n\t\t\t\t\t\t\t<\/div>\n\t\t<\/div>\n\t\t\t\t\t<\/div>\n\t\t<\/section>\n\t\t\t\t<section class=\"elementor-section elementor-top-section elementor-element elementor-element-d1b83c7 elementor-section-height-min-height elementor-section-boxed elementor-section-height-default elementor-section-items-middle\" data-id=\"d1b83c7\" data-element_type=\"section\">\n\t\t\t\t\t\t<div class=\"elementor-container elementor-column-gap-default\">\n\t\t\t\t\t<div class=\"elementor-column elementor-col-100 elementor-top-column elementor-element elementor-element-f1a85fd\" data-id=\"f1a85fd\" data-element_type=\"column\">\n\t\t\t<div class=\"elementor-widget-wrap elementor-element-populated\">\n\t\t\t\t\t\t<div class=\"elementor-element elementor-element-3869014 elementor-widget elementor-widget-wpforms\" data-id=\"3869014\" data-element_type=\"widget\" data-widget_type=\"wpforms.default\">\n\t\t\t\t<div class=\"elementor-widget-container\">\n\t\t\t<div class=\"wpforms-container wpforms-container-full\" id=\"wpforms-823\"><form id=\"wpforms-form-823\" class=\"wpforms-validate wpforms-form wpforms-ajax-form\" data-formid=\"823\" method=\"post\" enctype=\"multipart\/form-data\" action=\"\/index.php\/wp-json\/wp\/v2\/pages\/525\" data-token=\"1d3d140931f4a139ae5a1ace4e9a6edb\" data-token-time=\"1776352434\"><noscript class=\"wpforms-error-noscript\">Veuillez activer JavaScript dans votre navigateur pour remplir ce formulaire.<\/noscript><div class=\"wpforms-field-container\"><div id=\"wpforms-823-field_0-container\" class=\"wpforms-field wpforms-field-name wpforms-one-half wpforms-first\" data-field-id=\"0\"><label class=\"wpforms-field-label\">Nom <span class=\"wpforms-required-label\">*<\/span><\/label><div class=\"wpforms-field-row wpforms-field-medium\"><div class=\"wpforms-field-row-block wpforms-first wpforms-one-half\"><input type=\"text\" id=\"wpforms-823-field_0\" class=\"wpforms-field-name-first wpforms-field-required\" name=\"wpforms[fields][0][first]\" required><label for=\"wpforms-823-field_0\" class=\"wpforms-field-sublabel after\">Pr\u00e9nom<\/label><\/div><div class=\"wpforms-field-row-block wpforms-one-half\"><input type=\"text\" id=\"wpforms-823-field_0-last\" class=\"wpforms-field-name-last wpforms-field-required\" name=\"wpforms[fields][0][last]\" required><label for=\"wpforms-823-field_0-last\" class=\"wpforms-field-sublabel after\">Nom<\/label><\/div><\/div><\/div><div id=\"wpforms-823-field_1-container\" class=\"wpforms-field wpforms-field-email\" data-field-id=\"1\"><label class=\"wpforms-field-label\" for=\"wpforms-823-field_1\">E-mail <span class=\"wpforms-required-label\">*<\/span><\/label><input type=\"email\" id=\"wpforms-823-field_1\" class=\"wpforms-field-medium wpforms-field-required\" name=\"wpforms[fields][1]\" spellcheck=\"false\" required><\/div><div id=\"wpforms-823-field_8-container\" class=\"wpforms-field wpforms-field-number\" data-field-id=\"8\"><label class=\"wpforms-field-label\" for=\"wpforms-823-field_8\">Num\u00e9ro de t\u00e9l\u00e9phone <\/label><input type=\"number\" id=\"wpforms-823-field_8\" class=\"wpforms-field-medium\" name=\"wpforms[fields][8]\" step=\"any\" ><\/div><div id=\"wpforms-823-field_3-container\" class=\"wpforms-field wpforms-field-select wpforms-field-select-style-classic\" data-field-id=\"3\"><label class=\"wpforms-field-label\" for=\"wpforms-823-field_3\">Type de projet <\/label><select id=\"wpforms-823-field_3\" class=\"wpforms-field-medium\" name=\"wpforms[fields][3]\"><option value=\"Maison neuve\"  class=\"choice-1 depth-1\"  >Maison neuve<\/option><option value=\"Extension \"  class=\"choice-2 depth-1\"  >Extension<\/option><option value=\"Renovation \"  class=\"choice-3 depth-1\"  >Renovation<\/option><option value=\"Am\u00e9ngament \"  class=\"choice-4 depth-1\"  >Am\u00e9ngament<\/option><option value=\"Agencement \"  class=\"choice-5 depth-1\"  >Agencement<\/option><option value=\"Autre\"  class=\"choice-6 depth-1\"  >Autre<\/option><\/select><\/div><div id=\"wpforms-823-field_2-container\" class=\"wpforms-field wpforms-field-textarea\" data-field-id=\"2\"><label class=\"wpforms-field-label\" for=\"wpforms-823-field_2\">Commentaire ou message<\/label><textarea id=\"wpforms-823-field_2\" class=\"wpforms-field-medium\" name=\"wpforms[fields][2]\" ><\/textarea><\/div><div id=\"wpforms-823-field_11-container\" class=\"wpforms-field wpforms-field-radio wpforms-one-half wpforms-first wpforms-list-2-columns\" data-field-id=\"11\"><label class=\"wpforms-field-label\">Moment de pr\u00e9f\u00e9rence d&#039;appel <\/label><ul id=\"wpforms-823-field_11\"><li class=\"choice-1 depth-1\"><input type=\"radio\" id=\"wpforms-823-field_11_1\" name=\"wpforms[fields][11]\" value=\"de 8 h \u00e0 10 h \"  ><label class=\"wpforms-field-label-inline\" for=\"wpforms-823-field_11_1\">de 8 h \u00e0 10 h<\/label><\/li><li class=\"choice-2 depth-1\"><input type=\"radio\" id=\"wpforms-823-field_11_2\" name=\"wpforms[fields][11]\" value=\"De 10 h \u00e0 12 h\"  ><label class=\"wpforms-field-label-inline\" for=\"wpforms-823-field_11_2\">De 10 h \u00e0 12 h<\/label><\/li><li class=\"choice-3 depth-1\"><input type=\"radio\" id=\"wpforms-823-field_11_3\" name=\"wpforms[fields][11]\" value=\"de 12 h \u00e0 14 h \"  ><label class=\"wpforms-field-label-inline\" for=\"wpforms-823-field_11_3\">de 12 h \u00e0 14 h<\/label><\/li><li class=\"choice-4 depth-1\"><input type=\"radio\" id=\"wpforms-823-field_11_4\" name=\"wpforms[fields][11]\" value=\"de 14 h \u00e0 16 h \"  ><label class=\"wpforms-field-label-inline\" for=\"wpforms-823-field_11_4\">de 14 h \u00e0 16 h<\/label><\/li><li class=\"choice-12 depth-1\"><input type=\"radio\" id=\"wpforms-823-field_11_12\" name=\"wpforms[fields][11]\" value=\"de 16 h \u00e0 18 h \"  ><label class=\"wpforms-field-label-inline\" for=\"wpforms-823-field_11_12\">de 16 h \u00e0 18 h<\/label><\/li><li class=\"choice-11 depth-1\"><input type=\"radio\" id=\"wpforms-823-field_11_11\" name=\"wpforms[fields][11]\" value=\"de 18 \u00e0 19 h \"  ><label class=\"wpforms-field-label-inline\" for=\"wpforms-823-field_11_11\">de 18 \u00e0 19 h<\/label><\/li><\/ul><\/div><div id=\"wpforms-823-field_12-container\" class=\"wpforms-field wpforms-field-radio wpforms-one-half wpforms-first wpforms-list-2-columns\" data-field-id=\"12\"><label class=\"wpforms-field-label\">Jours de pr\u00e9f\u00e9rence d&#039;appel <\/label><ul id=\"wpforms-823-field_12\"><li class=\"choice-1 depth-1\"><input type=\"radio\" id=\"wpforms-823-field_12_1\" name=\"wpforms[fields][12]\" value=\"Lundi \"  ><label class=\"wpforms-field-label-inline\" for=\"wpforms-823-field_12_1\">Lundi<\/label><\/li><li class=\"choice-2 depth-1\"><input type=\"radio\" id=\"wpforms-823-field_12_2\" name=\"wpforms[fields][12]\" value=\"Mardi\"  ><label class=\"wpforms-field-label-inline\" for=\"wpforms-823-field_12_2\">Mardi<\/label><\/li><li class=\"choice-3 depth-1\"><input type=\"radio\" id=\"wpforms-823-field_12_3\" name=\"wpforms[fields][12]\" value=\"Mercredi\"  ><label class=\"wpforms-field-label-inline\" for=\"wpforms-823-field_12_3\">Mercredi<\/label><\/li><li class=\"choice-4 depth-1\"><input type=\"radio\" id=\"wpforms-823-field_12_4\" name=\"wpforms[fields][12]\" value=\"Jeudi\"  ><label class=\"wpforms-field-label-inline\" for=\"wpforms-823-field_12_4\">Jeudi<\/label><\/li><li class=\"choice-12 depth-1\"><input type=\"radio\" id=\"wpforms-823-field_12_12\" name=\"wpforms[fields][12]\" value=\"Vendredi\"  ><label class=\"wpforms-field-label-inline\" for=\"wpforms-823-field_12_12\">Vendredi<\/label><\/li><li class=\"choice-11 depth-1\"><input type=\"radio\" id=\"wpforms-823-field_12_11\" name=\"wpforms[fields][12]\" value=\"Samedi matin\"  ><label class=\"wpforms-field-label-inline\" for=\"wpforms-823-field_12_11\">Samedi matin<\/label><\/li><\/ul><\/div><\/div><!-- .wpforms-field-container --><div class=\"wpforms-submit-container\" ><input type=\"hidden\" name=\"wpforms[id]\" value=\"823\"><input type=\"hidden\" name=\"page_title\" value=\"\"><input type=\"hidden\" name=\"page_url\" value=\"https:\/\/mesplansdemaison.com\/index.php\/wp-json\/wp\/v2\/pages\/525\"><input type=\"hidden\" name=\"url_referer\" value=\"\"><button type=\"submit\" name=\"wpforms[submit]\" id=\"wpforms-submit-823\" class=\"wpforms-submit  New button styles  wpforms-form inputtypesubmit buttontypesubmit  padding 15px important Increase distance between text and border width 100 Make the full-width font-size 15em size background-color af0000 Red background color fff White border 8px double 860b0b Dark red double-line  hover inputtypesubmithover inputtypesubmitactive buttontypesubmithover buttontypesubmitactive wpforms-page-buttonhover wpforms-page-buttonactive red Red focus inputtypesubmitfocus buttontypesubmitfocus wpforms-page-buttonfocus\" data-alt-text=\"Envoi...\" data-submit-text=\"Envoyer\" aria-live=\"assertive\" value=\"wpforms-submit\">Envoyer<\/button><img src=\"https:\/\/mesplansdemaison.com\/wp-content\/plugins\/wpforms-lite\/assets\/images\/submit-spin.svg\" class=\"wpforms-submit-spinner\" style=\"display: none;\" width=\"26\" height=\"26\" alt=\"Chargement en cours\"><\/div><\/form><\/div>  <!-- .wpforms-container -->\t\t<\/div>\n\t\t\t\t<\/div>\n\t\t\t\t\t<\/div>\n\t\t<\/div>\n\t\t\t\t\t<\/div>\n\t\t<\/section>\n\t\t\t\t<section class=\"elementor-section elementor-top-section elementor-element elementor-element-72a67c0 elementor-section-boxed elementor-section-height-default elementor-section-height-default\" data-id=\"72a67c0\" data-element_type=\"section\">\n\t\t\t\t\t\t<div class=\"elementor-container elementor-column-gap-default\">\n\t\t\t\t\t<div class=\"elementor-column elementor-col-100 elementor-top-column elementor-element elementor-element-b420a98\" data-id=\"b420a98\" data-element_type=\"column\">\n\t\t\t<div class=\"elementor-widget-wrap elementor-element-populated\">\n\t\t\t\t\t\t<section class=\"elementor-section elementor-inner-section elementor-element elementor-element-b7ea76a elementor-section-boxed elementor-section-height-default elementor-section-height-default\" data-id=\"b7ea76a\" data-element_type=\"section\">\n\t\t\t\t\t\t<div class=\"elementor-container elementor-column-gap-default\">\n\t\t\t\t\t<div class=\"elementor-column elementor-col-50 elementor-inner-column elementor-element elementor-element-f7673e2\" data-id=\"f7673e2\" data-element_type=\"column\">\n\t\t\t<div class=\"elementor-widget-wrap\">\n\t\t\t\t\t\t\t<\/div>\n\t\t<\/div>\n\t\t\t\t<div class=\"elementor-column elementor-col-50 elementor-inner-column elementor-element elementor-element-a496901\" data-id=\"a496901\" data-element_type=\"column\">\n\t\t\t<div class=\"elementor-widget-wrap\">\n\t\t\t\t\t\t\t<\/div>\n\t\t<\/div>\n\t\t\t\t\t<\/div>\n\t\t<\/section>\n\t\t\t\t\t<\/div>\n\t\t<\/div>\n\t\t\t\t\t<\/div>\n\t\t<\/section>\n\t\t\t\t<section class=\"elementor-section elementor-top-section elementor-element elementor-element-0504d47 elementor-section-boxed elementor-section-height-default elementor-section-height-default\" data-id=\"0504d47\" data-element_type=\"section\">\n\t\t\t\t\t\t<div class=\"elementor-container elementor-column-gap-default\">\n\t\t\t\t\t<div class=\"elementor-column elementor-col-50 elementor-top-column elementor-element elementor-element-5662699\" data-id=\"5662699\" data-element_type=\"column\">\n\t\t\t<div class=\"elementor-widget-wrap\">\n\t\t\t\t\t\t\t<\/div>\n\t\t<\/div>\n\t\t\t\t<div class=\"elementor-column elementor-col-50 elementor-top-column elementor-element elementor-element-45a6165\" data-id=\"45a6165\" data-element_type=\"column\">\n\t\t\t<div class=\"elementor-widget-wrap\">\n\t\t\t\t\t\t\t<\/div>\n\t\t<\/div>\n\t\t\t\t\t<\/div>\n\t\t<\/section>\n\t\t\t\t<\/div>\n\t\t","protected":false},"excerpt":{"rendered":"","protected":false},"author":1,"featured_media":0,"parent":0,"menu_order":0,"comment_status":"closed","ping_status":"closed","template":"","meta":{"_kad_post_transparent":"disable","_kad_post_title":"hide","_kad_post_layout":"normal","_kad_post_sidebar_id":"","_kad_post_content_style":"","_kad_post_vertical_padding":"","_kad_post_feature":"","_kad_post_feature_position":"","_kad_post_header":false,"_kad_post_footer":false},"_links":{"self":[{"href":"https:\/\/mesplansdemaison.com\/index.php\/wp-json\/wp\/v2\/pages\/525"}],"collection":[{"href":"https:\/\/mesplansdemaison.com\/index.php\/wp-json\/wp\/v2\/pages"}],"about":[{"href":"https:\/\/mesplansdemaison.com\/index.php\/wp-json\/wp\/v2\/types\/page"}],"author":[{"embeddable":true,"href":"https:\/\/mesplansdemaison.com\/index.php\/wp-json\/wp\/v2\/users\/1"}],"replies":[{"embeddable":true,"href":"https:\/\/mesplansdemaison.com\/index.php\/wp-json\/wp\/v2\/comments?post=525"}],"version-history":[{"count":46,"href":"https:\/\/mesplansdemaison.com\/index.php\/wp-json\/wp\/v2\/pages\/525\/revisions"}],"predecessor-version":[{"id":1047,"href":"https:\/\/mesplansdemaison.com\/index.php\/wp-json\/wp\/v2\/pages\/525\/revisions\/1047"}],"wp:attachment":[{"href":"https:\/\/mesplansdemaison.com\/index.php\/wp-json\/wp\/v2\/media?parent=525"}],"curies":[{"name":"wp","href":"https:\/\/api.w.org\/{rel}","templated":true}]}}